{"id":2682,"date":"2024-02-26T06:54:54","date_gmt":"2024-02-26T05:54:54","guid":{"rendered":"https:\/\/reka-kristof.com\/?page_id=2682"},"modified":"2024-03-10T22:26:27","modified_gmt":"2024-03-10T21:26:27","slug":"cookies","status":"publish","type":"page","link":"https:\/\/reka-kristof.com\/de\/cookies\/","title":{"rendered":"Cookies"},"content":{"rendered":"\t\t<div data-elementor-type=\"wp-page\" data-elementor-id=\"2682\" class=\"elementor elementor-2682\" data-elementor-post-type=\"page\">\n\t\t\t\t<div class=\"elementor-element elementor-element-25ed06a e-flex e-con-boxed e-con e-parent\" data-id=\"25ed06a\" data-element_type=\"container\" data-settings=\"{&quot;content_width&quot;:&quot;boxed&quot;}\" data-core-v316-plus=\"true\">\n\t\t\t\t\t<div class=\"e-con-inner\">\n\t\t\t\t<div class=\"elementor-element elementor-element-d2c6681 elementor-widget elementor-widget-heading\" data-id=\"d2c6681\" data-element_type=\"widget\" data-widget_type=\"heading.default\">\n\t\t\t\t<div class=\"elementor-widget-container\">\n\t\t\t<style>\/*! elementor - v3.19.0 - 07-02-2024 *\/\n.elementor-heading-title{padding:0;margin:0;line-height:1}.elementor-widget-heading .elementor-heading-title[class*=elementor-size-]>a{color:inherit;font-size:inherit;line-height:inherit}.elementor-widget-heading .elementor-heading-title.elementor-size-small{font-size:15px}.elementor-widget-heading .elementor-heading-title.elementor-size-medium{font-size:19px}.elementor-widget-heading .elementor-heading-title.elementor-size-large{font-size:29px}.elementor-widget-heading .elementor-heading-title.elementor-size-xl{font-size:39px}.elementor-widget-heading .elementor-heading-title.elementor-size-xxl{font-size:59px}<\/style><h2 class=\"elementor-heading-title elementor-size-default\">S\u00fcti be\u00e1ll\u00edt\u00e1sok<\/h2>\t\t<\/div>\n\t\t\t\t<\/div>\n\t\t\t\t<div class=\"elementor-element elementor-element-3ed00c8 elementor-widget elementor-widget-text-editor\" data-id=\"3ed00c8\" data-element_type=\"widget\" data-widget_type=\"text-editor.default\">\n\t\t\t\t<div class=\"elementor-widget-container\">\n\t\t\t<style>\/*! elementor - v3.19.0 - 07-02-2024 *\/\n.elementor-widget-text-editor.elementor-drop-cap-view-stacked .elementor-drop-cap{background-color:#69727d;color:#fff}.elementor-widget-text-editor.elementor-drop-cap-view-framed .elementor-drop-cap{color:#69727d;border:3px solid;background-color:transparent}.elementor-widget-text-editor:not(.elementor-drop-cap-view-default) .elementor-drop-cap{margin-top:8px}.elementor-widget-text-editor:not(.elementor-drop-cap-view-default) .elementor-drop-cap-letter{width:1em;height:1em}.elementor-widget-text-editor .elementor-drop-cap{float:left;text-align:center;line-height:1;font-size:50px}.elementor-widget-text-editor .elementor-drop-cap-letter{display:inline-block}<\/style>\t\t\t\t<div class=\"user_section1\"><div class=\"title\">1. Mi is az a s\u00fcti?<\/div><div class=\"content\"><p>A s\u00fctik kis sz\u00f6veges f\u00e1jlok, amelyeket weboldalunkr\u00f3l, alkalmaz\u00e1sainkb\u00f3l vagy szolg\u00e1ltat\u00e1sainkb\u00f3l ker\u00fclnek tov\u00e1bb\u00edt\u00e1sra, a Te eszk\u00f6z\u00f6d\u00f6n t\u00e1rol\u00f3dnak. Az OPPO webhelyei, online szolg\u00e1ltat\u00e1sai, interakt\u00edv alkalmaz\u00e1sai, e-mail \u00fczenetei \u00e9s hirdet\u00e9sei &#8222;s\u00fctiket&#8221; \u00e9s m\u00e1s technol\u00f3gi\u00e1kat, p\u00e9ld\u00e1ul pixel c\u00edmk\u00e9ket \u00e9s webes jelz\u0151ket haszn\u00e1lhatnak. A nem az OPPO \u00e1ltal be\u00e1ll\u00edtott s\u00fctik sz\u00e1munkra nem tov\u00e1bb\u00edtanak inform\u00e1ci\u00f3kat.<\/p><\/div><\/div><div class=\"user_section1\"><div class=\"title\">2. Milyen hossz\u00fa ideig t\u00e1rol\u00f3dnak a s\u00fctik a k\u00fcl\u00f6nb\u00f6z\u0151 eszk\u00f6z\u00f6k\u00f6n?<\/div><div class=\"content\"><p>(1)\u00a0<i>A munkamenet<\/i>\u00a0\u2013 s\u00fctk csak a b\u00f6ng\u00e9sz\u0151 bez\u00e1r\u00e1s\u00e1ig maradnak fenn, \u00e9s nem t\u00e1rol\u00f3dnak a merevlemezen. A munkamenet-s\u00fctiket \u00e1ltal\u00e1ban arra haszn\u00e1lj\u00e1k, hogy nyomon k\u00f6vess\u00e9k a felkeresett webhely oldalait, hogy az inform\u00e1ci\u00f3k testreszabhat\u00f3k legyenek a weboldal egy adott l\u00e1togat\u00e1s\u00e1val kapcsolatban.<\/p><p>(2) Az \u00e1lland\u00f3 s\u00fctiket addig t\u00e1roljuk a merevlemezeden, am\u00edg akt\u00edvan nem t\u00f6rl\u00f6d azokat, vagy am\u00edg az egyes s\u00fctik el nem \u00e9rik a lej\u00e1rati idej\u00fcket. Az ilyen s\u00fctik felhaszn\u00e1lhat\u00f3k az be\u00e1ll\u00edt\u00e1said t\u00e1rol\u00e1s\u00e1ra, amikor ezt a webhelyet haszn\u00e1lod.<\/p><\/div><\/div><div class=\"user_section1\"><div class=\"title\">3. A k\u00f6vetkez\u0151 t\u00edpus\u00fa s\u00fctiket fogjuk haszn\u00e1lni:<\/div><div class=\"content\"><p>(1) Szigor\u00faan sz\u00fcks\u00e9ges s\u00fctik, amelyek a weboldalunk \u00e9s szolg\u00e1ltat\u00e1saink m\u0171k\u00f6d\u00e9s\u00e9hez kellenek. Ilyen s\u00fctik teszik p\u00e9ld\u00e1ul azt lehet\u0151v\u00e9, hogy bejelentkezz weboldalunk biztons\u00e1gos ter\u00fcleteire.<\/p><p>(2) Analitikai vagy teljes\u00edtm\u00e9nys\u00fctik, amelyek lehet\u0151v\u00e9 teszik sz\u00e1munkra, hogy megsz\u00e1moljuk a weboldalunk l\u00e1togat\u00f3inak sz\u00e1m\u00e1t, \u00e9s t\u00e1j\u00e9koztassanak minket arr\u00f3l, hogy a l\u00e1togat\u00f3k hogyan haszn\u00e1lj\u00e1k a weboldalunkat annak \u00e9rdek\u00e9ben, hogy jav\u00edthassuk a webhely m\u0171k\u00f6d\u00e9s\u00e9t. Ezeket a s\u00fctiket csak a Te kifejezett hozz\u00e1j\u00e1rul\u00e1soddal helyezhetj\u00fck el.<\/p><p>(3) A funkcion\u00e1lis s\u00fctiket arra haszn\u00e1ljuk, hogy felismerj\u00fck T\u00e9ged, amikor megl\u00e1togatod vagy visszat\u00e9rsz a weboldalunkra. Ez lehet\u0151v\u00e9 teszi sz\u00e1munkra, hogy szem\u00e9lyre szabjuk a webhely tartalm\u00e1t sz\u00e1modra, \u00e9s felismerj\u00fck a preferenci\u00e1idat (pl. A nyelv kiv\u00e1laszt\u00e1sa).<\/p><p>(4) C\u00e9lz\u00e1si s\u00fctik r\u00f6gz\u00edtik a weboldalunk l\u00e1togat\u00e1s\u00e1t, az \u00e1ltalad megl\u00e1togatott oldalakat \u00e9s az \u00e1ltalad k\u00f6vetett linkeket. Ezeket az inform\u00e1ci\u00f3kat arra haszn\u00e1ljuk fel, hogy weboldalunkat \u00e9s a rajta megjelen\u0151 hirdet\u00e9st relev\u00e1nsabb\u00e1 tegy\u00fck sz\u00e1modra. Erre a c\u00e9lra megoszthatjuk ezeket az inform\u00e1ci\u00f3kat harmadik felekkel is. Ezeket a s\u00fctiket csak a kifejezett hozz\u00e1j\u00e1rul\u00e1soddal helyezhetj\u00fck el.<\/p><\/div><\/div><div class=\"user_section1\"><div class=\"title\">4. A s\u00fctik haszn\u00e1lata a k\u00f6vetkez\u0151 c\u00e9lokra korl\u00e1toz\u00f3dik:<\/div><div class=\"content\"><p>(1) Mi \u00e9s partnereink s\u00fctiket vagy hasonl\u00f3 nyomk\u00f6vet\u00e9si technol\u00f3gi\u00e1kat haszn\u00e1lunk annak \u00e9rdek\u00e9ben, hogy jobban meg\u00e9rts\u00fck az eszk\u00f6z\u00f6n l\u00e9v\u0151 mobil szoftver\u00fcnk funkcionalit\u00e1s\u00e1t, az alkalmaz\u00e1s gyakoris\u00e1g\u00e1t, az alkalmaz\u00e1son bel\u00fcl bek\u00f6vetkez\u0151 esem\u00e9nyeket, \u00f6sszes\u00edtett felhaszn\u00e1l\u00e1st, teljes\u00edtm\u00e9nyadatokat \u00e9s azt alkalmaz\u00e1st let\u00f6lt\u00f6ttek sz\u00e1m\u00e1t. Az elemz\u0151 szoftverben t\u00e1rolt inform\u00e1ci\u00f3kat nem kapcsoljuk \u00f6ssze olyan szem\u00e9lyes adatokkal, amelyeket mobilalkalmaz\u00e1sainkon kereszt\u00fcl adhatsz meg.<\/p><p>(2) Mi \u00e9s partnereink s\u00fctiket vagy hasonl\u00f3 nyomk\u00f6vet\u00e9si technol\u00f3gi\u00e1kat haszn\u00e1lunk a trendek elemz\u00e9s\u00e9hez, a weboldalak adminisztr\u00e1l\u00e1s\u00e1hoz, a felhaszn\u00e1l\u00f3k mozg\u00e1s\u00e1nak nyomon k\u00f6vet\u00e9s\u00e9hez a webhelyeken, valamint \u00f6sszes\u00edtett demogr\u00e1fiai inform\u00e1ci\u00f3k gy\u0171jt\u00e9s\u00e9re a felhaszn\u00e1l\u00f3i b\u00e1zisunkr\u00f3l.<\/p><p>(3) Amennyiben a b\u00f6ng\u00e9sz\u0151dben enged\u00e9lyezve van a &#8222;Ne k\u00f6vesse&#8221; funkci\u00f3, akkor tiszteletben tartjuk a v\u00e1laszt\u00e1sodat.<\/p><p>(4) A legt\u00f6bb weboldalhoz hasonl\u00f3an mi is automatikusan gy\u0171jt\u00fcnk bizonyos inform\u00e1ci\u00f3kat az \u00e1ltal\u00e1nos haszn\u00e1lati trendek elemz\u00e9s\u00e9hez \u00e9s a weboldalak kezel\u00e9s\u00e9hez. Ezek az inform\u00e1ci\u00f3k tartalmazhatj\u00e1k az Internet Protocol (IP) c\u00edmeket, a b\u00f6ng\u00e9sz\u0151 t\u00edpus\u00e1t, az Internet szolg\u00e1ltat\u00f3t (ISP), a hivatkoz\u00f3 \/ kil\u00e9p\u0151 oldalakat, a webhely\u00fcnk\u00f6n megtekintett f\u00e1jlokat (pl. HTML oldalak, grafik\u00e1k stb.), Az oper\u00e1ci\u00f3s rendszert, a d\u00e1tum \/ id\u0151 b\u00e9lyegz\u0151t \u00e9s \/ vagy clickstream adatokat.<\/p><p>(5) Harmadik felekkel m\u0171k\u00f6d\u00fcnk egy\u00fctt, hogy hirdet\u00e9seket jelen\u00edts\u00fcnk meg weboldalunkon, vagy kezelj\u00fck hirdet\u00e9seinket m\u00e1s webhelyeken. Harmadik feles partnereink s\u00fctiket vagy hasonl\u00f3 nyomk\u00f6vet\u00e9si technol\u00f3gi\u00e1kat haszn\u00e1lhatnak a b\u00f6ng\u00e9sz\u00e9si tev\u00e9kenys\u00e9gek \u00e9s \u00e9rdekl\u0151d\u00e9si k\u00f6r\u00f6k alapj\u00e1n t\u00f6rt\u00e9n\u0151 rekl\u00e1moz\u00e1shoz. Amennyiben t\u00f6bb\u00e9 nem k\u00edv\u00e1nod l\u00e1tni az \u00e9rdekl\u0151d\u00e9s alap\u00fa hirdet\u00e9seket, kattints\u00a0<a href=\"http:\/\/preferences-mgr.truste.com\/\">ide<\/a>\u00a0(az Eur\u00f3pai Uni\u00f3 lakosai sz\u00e1m\u00e1ra kattints\u00a0<a href=\"http:\/\/www.youronlinechoices.eu\/\">ide<\/a>\u00a0). Felh\u00edvjuk figyelmed, hogy tov\u00e1bbra is tal\u00e1lkozhatsz olyan \u00e1ltal\u00e1nos hirdet\u00e9sekkel, amelyek nem c\u00e9loznak meg konkr\u00e9t \u00e9rdekl\u0151d\u00e9si csoportokat.<\/p><\/div><\/div><div class=\"user_section1\"><div class=\"title\">5. A s\u00fctik elt\u00e1vol\u00edt\u00e1sa \/ letilt\u00e1sa<\/div><div class=\"content\"><p>A s\u00fctik \u00e9s a s\u00fcti-be\u00e1ll\u00edt\u00e1sok a b\u00f6ng\u00e9sz\u0151 Be\u00e1ll\u00edt\u00e1sok panelj\u00e9n kezelhet\u0151ek. Az al\u00e1bbiakban olvashatod el a s\u00fctik kezel\u00e9s\u00e9nek m\u00f3dj\u00e1t bizonyos n\u00e9pszer\u0171 b\u00f6ng\u00e9sz\u0151kben:<\/p><p><a href=\"https:\/\/support.microsoft.com\/en-gb\/help\/17442\/windows-internet-explorer-delete-manage-cookies\">\u2022 \u00a0\u00a0 Microsoft Internet Explorer<\/a><\/p><p><a href=\"https:\/\/privacy.microsoft.com\/en-us\/windows-10-microsoft-edge-and-privacy\">\u2022 \u00a0\u00a0 Microsoft Edge<\/a><\/p><p><a href=\"https:\/\/support.mozilla.org\/en-US\/kb\/cookies-information-websites-store-on-your-computer\">\u2022 \u00a0\u00a0 Mozilla Firefox<\/a><\/p><p><a href=\"https:\/\/support.google.com\/chrome\/answer\/95647?hl=en\">\u2022 \u00a0\u00a0 Google Chrome<\/a><\/p><p><a href=\"https:\/\/support.apple.com\/en-gb\/guide\/safari\/sfri11471\/mac\">\u2022 \u00a0\u00a0 Safari for macOS<\/a><\/p><p><a href=\"https:\/\/support.apple.com\/en-gb\/HT201265\">\u2022 \u00a0\u00a0 Safari for iOS<\/a><\/p><\/div><\/div><div class=\"user_section1\"><div class=\"title\">6. Tov\u00e1bbi inform\u00e1ci\u00f3 a s\u00fctikr\u0151l<\/div><div class=\"content\"><p>A s\u00fctikr\u0151l \u00e9s a s\u00fctik elfogad\u00e1s\u00e1ra, t\u00f6rl\u00e9s\u00e9re vagy elutas\u00edt\u00e1s\u00e1ra vonatkoz\u00f3 tov\u00e1bbi vonatkoz\u00f3 b\u00f6ng\u00e9sz\u0151 be\u00e1ll\u00edt\u00e1sokra inform\u00e1ci\u00f3k\u00e9rt l\u00e1sd:\u00a0<a href=\"http:\/\/allaboutcookies.org\/\">www.allaboutcookies.org<\/a>\u00a0.<\/p><p>K\u00e9rj\u00fck, olvasd el Adatv\u00e9delmi ir\u00e1nyelveinket, ahol r\u00e9szletes inform\u00e1ci\u00f3kat tal\u00e1lsz a szem\u00e9lyes adatok kezel\u00e9s\u00e9r\u0151l.<\/p><p>A\u00a0<a href=\"https:\/\/www.oppo.com\/hu\/\">https:\/\/www.oppo.com\/hu\/<\/a>\u00a0weboldalunkon elhelyezett s\u00fctikr\u0151l tov\u00e1bbi r\u00e9szletek az al\u00e1bbi t\u00e1bl\u00e1zatban tal\u00e1lhat\u00f3k:<\/p><\/div><table><tbody><tr><td>S\u00fcti t\u00edpus<\/td><td>N\u00e9v<\/td><td>Domain<\/td><td>C\u00e9lja<\/td><\/tr><tr><td rowspan=\"14\">Alapvet\u0151<\/td><td>oppo<\/td><td rowspan=\"5\">www.oppo.com<\/td><td>A sz\u00fcks\u00e9ges s\u00fctik el\u0151\u00e1ll\u00edt\u00e1s\u00e1hoz haszn\u00e1lj\u00e1k<\/td><\/tr><tr><td>socialaccepted<\/td><td>Annak megk\u00fcl\u00f6nb\u00f6ztet\u00e9s\u00e9re szolg\u00e1l, hogy a felhaszn\u00e1l\u00f3 elfogadta-e a hirdet\u00e9si s\u00fctiket<\/td><\/tr><tr><td>performanceaccepted<\/td><td>Annak megk\u00fcl\u00f6nb\u00f6ztet\u00e9s\u00e9re szolg\u00e1l, hogy a felhaszn\u00e1l\u00f3 elfogadta-e az elemz\u00e9si s\u00fctiket<\/td><\/tr><tr><td>cookiesacceptedall<\/td><td>Annak megk\u00fcl\u00f6nb\u00f6ztet\u00e9s\u00e9re szolg\u00e1l, hogy a felhaszn\u00e1l\u00f3 elfogadta-e az \u00f6sszes cookie-t<\/td><\/tr><tr><td>cookiesaccepted<\/td><td>A felhaszn\u00e1l\u00f3 v\u00e1laszt\u00e1s\u00e1nak r\u00f6gz\u00edt\u00e9s\u00e9re szolg\u00e1l<\/td><\/tr><tr><td>XSRF-TOKEN<\/td><td rowspan=\"9\">.oppo.com<\/td><td>A weboldal biztons\u00e1g\u00e1nak biztos\u00edt\u00e1s\u00e1ra \u00e9s a hamis\u00edt\u00e1s megakad\u00e1lyoz\u00e1s\u00e1ra szolg\u00e1l<\/td><\/tr><tr><td>_gcl_au<\/td><td>A google c\u00edmkekezel\u0151 adataihoz haszn\u00e1lj\u00e1k.<\/td><\/tr><tr><td>g8vtl5_cmapi_cookie_privacy<\/td><td rowspan=\"6\">Eml\u00e9keztet\u0151 arra, hogy a felhaszn\u00e1l\u00f3 hogyan fogadja el a cookie-kat.<\/td><\/tr><tr><td>g8vtl5_cmapi_gtm_bl<\/td><\/tr><tr><td>g8vtl5_notice_behavior<\/td><\/tr><tr><td>g8vtl5_notice_gdpr_prefs<\/td><\/tr><tr><td>g8vtl5_notice_preferences<\/td><\/tr><tr><td>g8vtl5_TAconsentID<\/td><\/tr><tr><td>stayOnSite<\/td><td>A felhaszn\u00e1l\u00f3 helyv\u00e1laszt\u00e1s\u00e1nak eml\u00e9keztet\u00e9s\u00e9re szolg\u00e1l.<\/td><\/tr><tr><td rowspan=\"25\">Hirdet\u0151<\/td><td>Name<\/td><td rowspan=\"10\">Facebook (tov\u00e1bbi inform\u00e1ci\u00f3:\u00a0<a href=\"https:\/\/www.facebook.com\/policies\/cookies\/\">https:\/\/www.facebook.com\/policies\/cookies\/<\/a>)<\/td><td>A b\u00f6ng\u00e9sz\u0151k azonos\u00edt\u00e1s\u00e1ra szolg\u00e1l a rekl\u00e1moz\u00e1shoz \u00e9s az elemz\u00e9shez<\/td><\/tr><tr><td>fr<\/td><td>A hirdet\u00e9sek megjelen\u00edt\u00e9s\u00e9re, elemz\u00e9s\u00e9re \u00e9s relevanci\u00e1j\u00e1nak jav\u00edt\u00e1s\u00e1ra szolg\u00e1l<\/td><\/tr><tr><td>datr<\/td><td>Biztons\u00e1gi \u00e9s webhely-integrit\u00e1si c\u00e9lokra haszn\u00e1lj\u00e1k<\/td><\/tr><tr><td>js_datr<\/td><td>Biztons\u00e1gi \u00e9s webhely-integrit\u00e1si c\u00e9lokra haszn\u00e1lj\u00e1k<\/td><\/tr><tr><td>Sb<\/td><td>Bejelentkez\u00e9si hiteles\u00edt\u00e9si c\u00e9lokra haszn\u00e1lj\u00e1k<\/td><\/tr><tr><td>wd<\/td><td>Arra szolg\u00e1l, hogy optim\u00e1lis felhasz\u00e1l\u00f3i \u00e9lm\u00e9nyt ny\u00fajtson a k\u00e9perny\u0151n<\/td><\/tr><tr><td>act<\/td><td rowspan=\"4\">Harmadik felek hirdet\u00e9seinek el\u0151\u00e1ll\u00edt\u00e1s\u00e1hoz haszn\u00e1lj\u00e1k<\/td><\/tr><tr><td>c_user<\/td><\/tr><tr><td>presence<\/td><\/tr><tr><td>spin<\/td><\/tr><tr><td>Personalisation_id<\/td><td rowspan=\"7\">Twitter (tov\u00e1bbi inform\u00e1ci\u00f3:\u00a0<a href=\"https:\/\/help.twitter.com\/en\/rules-and-policies\/twitter-cookies\">https:\/\/help.twitter.com\/en\/rules-and-policies\/twitter-cookies<\/a>\u00a0)<\/td><td>A felhaszn\u00e1l\u00f3 azonos\u00edt\u00e1s\u00e1ra szolg\u00e1l a Twitteren.<\/td><\/tr><tr><td>twf_exp<\/td><td>A k\u00f6z\u00f6ss\u00e9gi m\u00e9dia tartalm\u00e1nak integr\u00e1l\u00e1s\u00e1ra \u00e9s megoszt\u00e1s\u00e1ra haszn\u00e1lj\u00e1k.<\/td><\/tr><tr><td>guest_id<\/td><td>A felhaszn\u00e1l\u00f3 azonos\u00edt\u00e1s\u00e1ra szolg\u00e1l a Twitteren.<\/td><\/tr><tr><td>_twitter_sess<\/td><td rowspan=\"4\">C\u00e9lzott hirdet\u00e9sek megjelen\u00edt\u00e9s\u00e9re szolg\u00e1l az interneten.<\/td><\/tr><tr><td>External_referer<\/td><\/tr><tr><td>ct0<\/td><\/tr><tr><td>gt<\/td><\/tr><tr><td>test_cookie<\/td><td>DoubleClick<\/td><td>A hirdet\u00e9sek tartalm\u00e1nak optimaliz\u00e1l\u00e1s\u00e1ra szolg\u00e1l<\/td><\/tr><tr><td>_ldbrbid<\/td><td>line.me<\/td><td>A hirdet\u00e9sek k\u00e9zbes\u00edt\u00e9s\u00e9re szolg\u00e1l<\/td><\/tr><tr><td>_lt_cid<\/td><td rowspan=\"2\">www.oppo.com<\/td><td rowspan=\"2\">Soronk\u00e9nt gener\u00e1lt hirdet\u00e9sek megjelen\u00edt\u00e9s\u00e9re szolg\u00e1l<\/td><\/tr><tr><td>_lt_sid<\/td><\/tr><tr><td>snexid<\/td><td>www.oppo.com<\/td><td>A smartnews-ads.com \u00e1ltal gener\u00e1lt hirdet\u00e9sek megjelen\u00edt\u00e9s\u00e9re szolg\u00e1l<\/td><\/tr><tr><td>g<\/td><td>smartnews-ads.com<\/td><td>C\u00e9lzott hirdet\u00e9sek megjelen\u00edt\u00e9s\u00e9re szolg\u00e1l<\/td><\/tr><tr><td>_cfuid<\/td><td rowspan=\"2\">adsymptotic.com<\/td><td>CloudFlare-t haszn\u00e1l\u00f3 webhelyekhez t\u00e1rs\u00edtva, \u00e9s az oldalak bet\u00f6lt\u00e9si idej\u00e9nek felgyors\u00edt\u00e1s\u00e1hoz<\/td><\/tr><tr><td>U<\/td><td>A smartnews-ads.com \u00e1ltal gener\u00e1lt hirdet\u00e9sek megjelen\u00edt\u00e9s\u00e9re szolg\u00e1l<\/td><\/tr><tr><td rowspan=\"11\">Analitika<\/td><td>AID<\/td><td>googleadservices.com<\/td><td>C\u00e9lzott hirdet\u00e9sek megjelen\u00edt\u00e9s\u00e9re szolg\u00e1l<\/td><\/tr><tr><td>_ga<\/td><td rowspan=\"3\">www.oppo.com \u00e9s oppo.com (tov\u00e1bbi inform\u00e1ci\u00f3 a\u00a0<a href=\"https:\/\/policies.google.com\/privacy\">https:\/\/policies.google.com\/privacy\u00a0<\/a>)<\/td><td>A felhaszn\u00e1l\u00f3k megk\u00fcl\u00f6nb\u00f6ztet\u00e9s\u00e9re szolg\u00e1l<\/td><\/tr><tr><td>_gid<\/td><td>A felhaszn\u00e1l\u00f3k megk\u00fcl\u00f6nb\u00f6ztet\u00e9s\u00e9re szolg\u00e1l<\/td><\/tr><tr><td>_gat<\/td><td>A k\u00e9r\u00e9si ar\u00e1ny\u00e1ra haszn\u00e1lj\u00e1k<\/td><\/tr><tr><td>_gat_tmheatmap<\/td><td rowspan=\"7\">oppo.com<\/td><td>A term\u00e9kek k\u00e9peinek h\u0151t\u00e9rk\u00e9p\u00e9nek elemz\u00e9s\u00e9re szolg\u00e1l<\/td><\/tr><tr><td>_hjAbsoluteSessionInProgress<\/td><td rowspan=\"5\">A Hotjar analitikai funkci\u00f3khoz haszn\u00e1lva.<\/td><\/tr><tr><td>_hjFirstSeen<\/td><\/tr><tr><td>_hjIncludedInSessionSample<\/td><\/tr><tr><td>_hjSession_2052333<\/td><\/tr><tr><td>_hjSessionUser_2052333<\/td><\/tr><tr><td>WEBSITE_URL<\/td><td>A megtekint\u0151 oldal azonos\u00edt\u00e1s\u00e1ra szolg\u00e1l.<\/td><\/tr><tr><td>id<\/td><td>doubleclick.net<\/td><td>Analitikai s\u00fctik el\u0151\u00e1ll\u00edt\u00e1s\u00e1ra haszn\u00e1lj\u00e1k<\/td><\/tr><\/tbody><\/table><\/div><div class=\"user_section1\"><div id=\"popup-cookie\" class=\"title\"><a>7. A s\u00fctik kezel\u00e9se<\/a><\/div><\/div>\t\t\t\t\t\t<\/div>\n\t\t\t\t<\/div>\n\t\t<div class=\"elementor-element elementor-element-db08cd5 e-con-full e-flex e-con e-child\" data-id=\"db08cd5\" data-element_type=\"container\" data-settings=\"{&quot;content_width&quot;:&quot;full&quot;}\">\n\t\t\t\t<div class=\"elementor-element elementor-element-b736324 elementor-widget__width-auto elementor-fixed elementor-view-default elementor-widget elementor-widget-icon\" data-id=\"b736324\" data-element_type=\"widget\" data-settings=\"{&quot;_position&quot;:&quot;fixed&quot;,&quot;motion_fx_motion_fx_scrolling&quot;:&quot;yes&quot;,&quot;motion_fx_opacity_effect&quot;:&quot;yes&quot;,&quot;motion_fx_opacity_range&quot;:{&quot;unit&quot;:&quot;%&quot;,&quot;size&quot;:&quot;&quot;,&quot;sizes&quot;:{&quot;start&quot;:25,&quot;end&quot;:35}},&quot;motion_fx_opacity_direction&quot;:&quot;out-in&quot;,&quot;motion_fx_opacity_level&quot;:{&quot;unit&quot;:&quot;px&quot;,&quot;size&quot;:10,&quot;sizes&quot;:[]},&quot;motion_fx_devices&quot;:[&quot;desktop&quot;,&quot;tablet&quot;,&quot;mobile&quot;]}\" data-widget_type=\"icon.default\">\n\t\t\t\t<div class=\"elementor-widget-container\">\n\t\t\t\t\t<div class=\"elementor-icon-wrapper\">\n\t\t\t<a class=\"elementor-icon\" href=\"#scrolltotop\">\n\t\t\t<i aria-hidden=\"true\" class=\"fas fa-arrow-up\"><\/i>\t\t\t<\/a>\n\t\t<\/div>\n\t\t\t\t<\/div>\n\t\t\t\t<\/div>\n\t\t\t\t<\/div>\n\t\t\t\t\t<\/div>\n\t\t\t\t<\/div>\n\t\t\t\t<\/div>\n\t\t","protected":false},"excerpt":{"rendered":"<p>S\u00fcti be\u00e1ll\u00edt\u00e1sok 1. Mi is az a s\u00fcti? A s\u00fctik kis sz\u00f6veges f\u00e1jlok, amelyeket weboldalunkr\u00f3l, alkalmaz\u00e1sainkb\u00f3l vagy szolg\u00e1ltat\u00e1sainkb\u00f3l ker\u00fclnek tov\u00e1bb\u00edt\u00e1sra, a Te eszk\u00f6z\u00f6d\u00f6n t\u00e1rol\u00f3dnak. Az OPPO webhelyei, online szolg\u00e1ltat\u00e1sai, interakt\u00edv alkalmaz\u00e1sai, e-mail \u00fczenetei \u00e9s hirdet\u00e9sei &#8222;s\u00fctiket&#8221; \u00e9s m\u00e1s technol\u00f3gi\u00e1kat, p\u00e9ld\u00e1ul pixel c\u00edmk\u00e9ket \u00e9s webes jelz\u0151ket haszn\u00e1lhatnak. A nem az OPPO \u00e1ltal be\u00e1ll\u00edtott s\u00fctik sz\u00e1munkra nem &#8230; <a title=\"Cookies\" class=\"read-more\" href=\"https:\/\/reka-kristof.com\/de\/cookies\/\" aria-label=\"Mehr Informationen \u00fcber S\u00fcti be\u00e1ll\u00edt\u00e1sok\">Weiterlesen<\/a><\/p>","protected":false},"author":1,"featured_media":0,"parent":0,"menu_order":0,"comment_status":"closed","ping_status":"closed","template":"elementor_header_footer","meta":{"_seopress_robots_primary_cat":"","_seopress_titles_title":"","_seopress_titles_desc":"","_seopress_robots_index":"","footnotes":""},"_links":{"self":[{"href":"https:\/\/reka-kristof.com\/de\/wp-json\/wp\/v2\/pages\/2682"}],"collection":[{"href":"https:\/\/reka-kristof.com\/de\/wp-json\/wp\/v2\/pages"}],"about":[{"href":"https:\/\/reka-kristof.com\/de\/wp-json\/wp\/v2\/types\/page"}],"author":[{"embeddable":true,"href":"https:\/\/reka-kristof.com\/de\/wp-json\/wp\/v2\/users\/1"}],"replies":[{"embeddable":true,"href":"https:\/\/reka-kristof.com\/de\/wp-json\/wp\/v2\/comments?post=2682"}],"version-history":[{"count":11,"href":"https:\/\/reka-kristof.com\/de\/wp-json\/wp\/v2\/pages\/2682\/revisions"}],"predecessor-version":[{"id":2888,"href":"https:\/\/reka-kristof.com\/de\/wp-json\/wp\/v2\/pages\/2682\/revisions\/2888"}],"wp:attachment":[{"href":"https:\/\/reka-kristof.com\/de\/wp-json\/wp\/v2\/media?parent=2682"}],"curies":[{"name":"wp","href":"https:\/\/api.w.org\/{rel}","templated":true}]}}